{"id":7,"date":"2020-02-20T13:00:54","date_gmt":"2020-02-20T13:00:54","guid":{"rendered":"https:\/\/fzm-schlieben.de\/?page_id=7"},"modified":"2020-02-20T13:00:54","modified_gmt":"2020-02-20T13:00:54","slug":"ueber-uns","status":"publish","type":"page","link":"https:\/\/fzm-schlieben.de\/?page_id=7","title":{"rendered":"\u00dcber uns"},"content":{"rendered":"\n<p>M\u00f6glicherweise bist du k\u00fcnstlerisch t\u00e4tig und m\u00f6chtest dich und deine Arbeiten hier vorstellen. Oder hast du vielleicht ein Business mit einer Mission, die es zu beschreiben gilt?<\/p>\n","protected":false},"excerpt":{"rendered":"<p>M\u00f6glicherweise bist du k\u00fcnstlerisch t\u00e4tig und m\u00f6chtest dich und deine Arbeiten hier vorstellen. Oder hast du vielleicht ein Business mit einer Mission, die es zu beschreiben gilt?<\/p>\n","protected":false},"author":1,"featured_media":0,"parent":0,"menu_order":0,"comment_status":"closed","ping_status":"closed","template":"","meta":{"footnotes":""},"class_list":["post-7","page","type-page","status-publish","hentry"],"yoast_head":"<!-- This site is optimized with the Yoast SEO plugin v27.2 - https:\/\/yoast.com\/product\/yoast-seo-wordpress\/ -->\n<title>\u00dcber uns - FZM Schlieben - Die Geschichte<\/title>\n<meta name=\"robots\" content=\"noindex, follow, max-snippet:-1, max-image-preview:large, max-video-preview:-1\" \/>\n<meta property=\"og:locale\" content=\"de_DE\" \/>\n<meta property=\"og:type\" content=\"article\" \/>\n<meta property=\"og:title\" content=\"\u00dcber uns - FZM Schlieben - Die Geschichte\" \/>\n<meta property=\"og:description\" content=\"M\u00f6glicherweise bist du k\u00fcnstlerisch t\u00e4tig und m\u00f6chtest dich und deine Arbeiten hier vorstellen. Oder hast du vielleicht ein Business mit einer Mission, die es zu beschreiben gilt?\" \/>\n<meta property=\"og:url\" content=\"https:\/\/fzm-schlieben.de\/?page_id=7\" \/>\n<meta property=\"og:site_name\" content=\"FZM Schlieben - Die Geschichte\" \/>\n<meta name=\"twitter:card\" content=\"summary_large_image\" \/>\n<script type=\"application\/ld+json\" class=\"yoast-schema-graph\">{\"@context\":\"https:\/\/schema.org\",\"@graph\":[{\"@type\":\"WebPage\",\"@id\":\"https:\/\/fzm-schlieben.de\/?page_id=7\",\"url\":\"https:\/\/fzm-schlieben.de\/?page_id=7\",\"name\":\"\u00dcber uns - FZM Schlieben - Die Geschichte\",\"isPartOf\":{\"@id\":\"https:\/\/fzm-schlieben.de\/#website\"},\"datePublished\":\"2020-02-20T13:00:54+00:00\",\"breadcrumb\":{\"@id\":\"https:\/\/fzm-schlieben.de\/?page_id=7#breadcrumb\"},\"inLanguage\":\"de\",\"potentialAction\":[{\"@type\":\"ReadAction\",\"target\":[\"https:\/\/fzm-schlieben.de\/?page_id=7\"]}]},{\"@type\":\"BreadcrumbList\",\"@id\":\"https:\/\/fzm-schlieben.de\/?page_id=7#breadcrumb\",\"itemListElement\":[{\"@type\":\"ListItem\",\"position\":1,\"name\":\"Home\",\"item\":\"https:\/\/fzm-schlieben.de\/\"},{\"@type\":\"ListItem\",\"position\":2,\"name\":\"\u00dcber uns\"}]},{\"@type\":\"WebSite\",\"@id\":\"https:\/\/fzm-schlieben.de\/#website\",\"url\":\"https:\/\/fzm-schlieben.de\/\",\"name\":\"FZM Schlieben - Die Geschichte\",\"description\":\"Forschungszentrum f\u00fcr Mechanisierung der Landwirtschaft\",\"potentialAction\":[{\"@type\":\"SearchAction\",\"target\":{\"@type\":\"EntryPoint\",\"urlTemplate\":\"https:\/\/fzm-schlieben.de\/?s={search_term_string}\"},\"query-input\":{\"@type\":\"PropertyValueSpecification\",\"valueRequired\":true,\"valueName\":\"search_term_string\"}}],\"inLanguage\":\"de\"}]}<\/script>\n<!-- \/ Yoast SEO plugin. -->","yoast_head_json":{"title":"\u00dcber uns - FZM Schlieben - Die Geschichte","robots":{"index":"noindex","follow":"follow","max-snippet":"max-snippet:-1","max-image-preview":"max-image-preview:large","max-video-preview":"max-video-preview:-1"},"og_locale":"de_DE","og_type":"article","og_title":"\u00dcber uns - FZM Schlieben - Die Geschichte","og_description":"M\u00f6glicherweise bist du k\u00fcnstlerisch t\u00e4tig und m\u00f6chtest dich und deine Arbeiten hier vorstellen. Oder hast du vielleicht ein Business mit einer Mission, die es zu beschreiben gilt?","og_url":"https:\/\/fzm-schlieben.de\/?page_id=7","og_site_name":"FZM Schlieben - Die Geschichte","twitter_card":"summary_large_image","schema":{"@context":"https:\/\/schema.org","@graph":[{"@type":"WebPage","@id":"https:\/\/fzm-schlieben.de\/?page_id=7","url":"https:\/\/fzm-schlieben.de\/?page_id=7","name":"\u00dcber uns - FZM Schlieben - Die Geschichte","isPartOf":{"@id":"https:\/\/fzm-schlieben.de\/#website"},"datePublished":"2020-02-20T13:00:54+00:00","breadcrumb":{"@id":"https:\/\/fzm-schlieben.de\/?page_id=7#breadcrumb"},"inLanguage":"de","potentialAction":[{"@type":"ReadAction","target":["https:\/\/fzm-schlieben.de\/?page_id=7"]}]},{"@type":"BreadcrumbList","@id":"https:\/\/fzm-schlieben.de\/?page_id=7#breadcrumb","itemListElement":[{"@type":"ListItem","position":1,"name":"Home","item":"https:\/\/fzm-schlieben.de\/"},{"@type":"ListItem","position":2,"name":"\u00dcber uns"}]},{"@type":"WebSite","@id":"https:\/\/fzm-schlieben.de\/#website","url":"https:\/\/fzm-schlieben.de\/","name":"FZM Schlieben - Die Geschichte","description":"Forschungszentrum f\u00fcr Mechanisierung der Landwirtschaft","potentialAction":[{"@type":"SearchAction","target":{"@type":"EntryPoint","urlTemplate":"https:\/\/fzm-schlieben.de\/?s={search_term_string}"},"query-input":{"@type":"PropertyValueSpecification","valueRequired":true,"valueName":"search_term_string"}}],"inLanguage":"de"}]}},"_links":{"self":[{"href":"https:\/\/fzm-schlieben.de\/index.php?rest_route=\/wp\/v2\/pages\/7","targetHints":{"allow":["GET"]}}],"collection":[{"href":"https:\/\/fzm-schlieben.de\/index.php?rest_route=\/wp\/v2\/pages"}],"about":[{"href":"https:\/\/fzm-schlieben.de\/index.php?rest_route=\/wp\/v2\/types\/page"}],"author":[{"embeddable":true,"href":"https:\/\/fzm-schlieben.de\/index.php?rest_route=\/wp\/v2\/users\/1"}],"replies":[{"embeddable":true,"href":"https:\/\/fzm-schlieben.de\/index.php?rest_route=%2Fwp%2Fv2%2Fcomments&post=7"}],"version-history":[{"count":1,"href":"https:\/\/fzm-schlieben.de\/index.php?rest_route=\/wp\/v2\/pages\/7\/revisions"}],"predecessor-version":[{"id":14,"href":"https:\/\/fzm-schlieben.de\/index.php?rest_route=\/wp\/v2\/pages\/7\/revisions\/14"}],"wp:attachment":[{"href":"https:\/\/fzm-schlieben.de\/index.php?rest_route=%2Fwp%2Fv2%2Fmedia&parent=7"}],"curies":[{"name":"wp","href":"https:\/\/api.w.org\/{rel}","templated":true}]}}